{"id":5993,"date":"2022-12-11T23:00:01","date_gmt":"2022-12-11T16:00:01","guid":{"rendered":"https:\/\/staging.gudjob.net\/?page_id=5993"},"modified":"2025-10-01T09:15:22","modified_gmt":"2025-10-01T02:15:22","slug":"profile","status":"publish","type":"page","link":"https:\/\/gudjob.net\/ko\/profile\/","title":{"rendered":"\ud68c\uc0ac \ud504\ub85c\ud544"},"content":{"rendered":"<div data-elementor-type=\"wp-page\" data-elementor-id=\"5993\" class=\"elementor elementor-5993\" data-elementor-settings=\"{&quot;element_pack_global_tooltip_width&quot;:{&quot;unit&quot;:&quot;px&quot;,&quot;size&quot;:&quot;&quot;,&quot;sizes&quot;:[]},&quot;element_pack_global_tooltip_width_tablet&quot;:{&quot;unit&quot;:&quot;px&quot;,&quot;size&quot;:&quot;&quot;,&quot;sizes&quot;:[]},&quot;element_pack_global_tooltip_width_mobile&quot;:{&quot;unit&quot;:&quot;px&quot;,&quot;size&quot;:&quot;&quot;,&quot;sizes&quot;:[]},&quot;element_pack_global_tooltip_padding&quot;:{&quot;unit&quot;:&quot;px&quot;,&quot;top&quot;:&quot;&quot;,&quot;right&quot;:&quot;&quot;,&quot;bottom&quot;:&quot;&quot;,&quot;left&quot;:&quot;&quot;,&quot;isLinked&quot;:true},&quot;element_pack_global_tooltip_padding_tablet&quot;:{&quot;unit&quot;:&quot;px&quot;,&quot;top&quot;:&quot;&quot;,&quot;right&quot;:&quot;&quot;,&quot;bottom&quot;:&quot;&quot;,&quot;left&quot;:&quot;&quot;,&quot;isLinked&quot;:true},&quot;element_pack_global_tooltip_padding_mobile&quot;:{&quot;unit&quot;:&quot;px&quot;,&quot;top&quot;:&quot;&quot;,&quot;right&quot;:&quot;&quot;,&quot;bottom&quot;:&quot;&quot;,&quot;left&quot;:&quot;&quot;,&quot;isLinked&quot;:true},&quot;element_pack_global_tooltip_border_radius&quot;:{&quot;unit&quot;:&quot;px&quot;,&quot;top&quot;:&quot;&quot;,&quot;right&quot;:&quot;&quot;,&quot;bottom&quot;:&quot;&quot;,&quot;left&quot;:&quot;&quot;,&quot;isLinked&quot;:true},&quot;element_pack_global_tooltip_border_radius_tablet&quot;:{&quot;unit&quot;:&quot;px&quot;,&quot;top&quot;:&quot;&quot;,&quot;right&quot;:&quot;&quot;,&quot;bottom&quot;:&quot;&quot;,&quot;left&quot;:&quot;&quot;,&quot;isLinked&quot;:true},&quot;element_pack_global_tooltip_border_radius_mobile&quot;:{&quot;unit&quot;:&quot;px&quot;,&quot;top&quot;:&quot;&quot;,&quot;right&quot;:&quot;&quot;,&quot;bottom&quot;:&quot;&quot;,&quot;left&quot;:&quot;&quot;,&quot;isLinked&quot;:true}}\" data-elementor-post-type=\"page\">\n\t\t\t\t\t\t<section data-particle_enable=\"false\" data-particle-mobile-disabled=\"false\" class=\"elementor-section elementor-top-section elementor-element elementor-element-2a8c31c elementor-section-boxed elementor-section-height-default elementor-section-height-default gs-locked-section-no\" data-id=\"2a8c31c\" data-element_type=\"section\" data-e-type=\"section\">\n\t\t\t\t\t\t<div class=\"elementor-container elementor-column-gap-wide\">\n\t\t\t\t\t<div class=\"elementor-column elementor-col-100 elementor-top-column elementor-element elementor-element-5958576\" data-id=\"5958576\" data-element_type=\"column\" data-e-type=\"column\">\n\t\t\t<div class=\"elementor-widget-wrap elementor-element-populated\">\n\t\t\t\t\t\t<div class=\"elementor-element elementor-element-8c1d597 elementor-widget elementor-widget-heading\" data-id=\"8c1d597\" data-element_type=\"widget\" data-e-type=\"widget\" data-widget_type=\"heading.default\">\n\t\t\t\t\t<h1 class=\"elementor-heading-title elementor-size-default\">\ud68c\uc0ac \ud504\ub85c\ud544<\/h1>\t\t\t\t<\/div>\n\t\t\t\t<div class=\"elementor-element elementor-element-73e97aa elementor-align-start elementor-icon-list--layout-traditional elementor-list-item-link-full_width elementor-widget elementor-widget-icon-list\" data-id=\"73e97aa\" data-element_type=\"widget\" data-e-type=\"widget\" data-widget_type=\"icon-list.default\">\n\t\t\t\t\t\t\t<ul class=\"elementor-icon-list-items\">\n\t\t\t\t\t\t\t<li class=\"elementor-icon-list-item\">\n\t\t\t\t\t\t\t\t\t\t\t<a href=\"https:\/\/gudjob.net\/ko\/portfolio\/\">\n\n\t\t\t\t\t\t\t\t\t\t\t\t<span class=\"elementor-icon-list-icon\">\n\t\t\t\t\t\t\t<svg xmlns=\"http:\/\/www.w3.org\/2000\/svg\" fill=\"#000000\" viewbox=\"0 0 50 50\" width=\"50px\" height=\"50px\"><path d=\"M 25 2 C 12.308594 2 2 12.308594 2 25 C 2 37.691406 12.308594 48 25 48 C 37.691406 48 48 37.691406 48 25 C 48 12.308594 37.691406 2 25 2 Z M 25 4 C 36.609375 4 46 13.390625 46 25 C 46 36.609375 36.609375 46 25 46 C 13.390625 46 4 36.609375 4 25 C 4 13.390625 13.390625 4 25 4 Z M 23 17 L 27.292969 21.292969 L 15.292969 33.292969 L 16.707031 34.707031 L 28.707031 22.707031 L 33 27 L 33 17 Z\"><\/path><\/svg>\t\t\t\t\t\t<\/span>\n\t\t\t\t\t\t\t\t\t\t<span class=\"elementor-icon-list-text\">\ud3ec\ud2b8\ud3f4\ub9ac\uc624 \ubcf4\uae30<\/span>\n\t\t\t\t\t\t\t\t\t\t\t<\/a>\n\t\t\t\t\t\t\t\t\t<\/li>\n\t\t\t\t\t\t<\/ul>\n\t\t\t\t\t\t<\/div>\n\t\t\t\t\t<\/div>\n\t\t<\/div>\n\t\t\t\t\t<\/div>\n\t\t<\/section>\n\t\t\t\t<section data-particle_enable=\"false\" data-particle-mobile-disabled=\"false\" class=\"elementor-section elementor-top-section elementor-element elementor-element-dcd81e2 elementor-section-boxed elementor-section-height-default elementor-section-height-default gs-locked-section-no\" data-id=\"dcd81e2\" data-element_type=\"section\" data-e-type=\"section\">\n\t\t\t\t\t\t<div class=\"elementor-container elementor-column-gap-wide\">\n\t\t\t\t\t<div class=\"elementor-column elementor-col-100 elementor-top-column elementor-element elementor-element-55fd6be\" data-id=\"55fd6be\" data-element_type=\"column\" data-e-type=\"column\">\n\t\t\t<div class=\"elementor-widget-wrap elementor-element-populated\">\n\t\t\t\t\t\t<div class=\"elementor-element elementor-element-6fe731d elementor-widget elementor-widget-html\" data-id=\"6fe731d\" data-element_type=\"widget\" data-e-type=\"widget\" data-widget_type=\"html.default\">\n\t\t\t\t\t<div style=\"left: 0; width: 100%; height: 0; position: relative; padding-bottom: 56.25%; padding-top: 30px;\"><iframe src=\"https:\/\/docs.google.com\/presentation\/d\/1jztILbs1T0p_3Ygyf0CPIuDBKpxyK5GS_gB7BipzGag\/embed\" style=\"top: 0; left: 0; width: 100%; height: 100%; position: absolute; border: 0;\" allowfullscreen scrolling=\"no\" allow=\"encrypted-media;\"><\/iframe><\/div>\t\t\t\t<\/div>\n\t\t\t\t<div class=\"elementor-element elementor-element-325409c elementor-align-center elementor-mobile-align-center elementor-widget elementor-widget-button\" data-id=\"325409c\" data-element_type=\"widget\" data-e-type=\"widget\" data-widget_type=\"button.default\">\n\t\t\t\t\t\t\t\t\t\t<a class=\"elementor-button elementor-button-link elementor-size-sm\" href=\"https:\/\/docs.google.com\/presentation\/d\/e\/2PACX-1vSitlWdHMXPEvkdof0yGiGHJ2nt9xQwbSwazFR2GHhV4PJSWTjA39dHnbBacMBJ7aj7XKv48Gm6miYw\/pub?start=false&#038;loop=false&#038;delayms=3000\" target=\"_blank\" rel=\"noopener\">\n\t\t\t\t\t\t<span class=\"elementor-button-content-wrapper\">\n\t\t\t\t\t\t<span class=\"elementor-button-icon\">\n\t\t\t\t<svg xmlns=\"http:\/\/www.w3.org\/2000\/svg\" xmlns:xlink=\"http:\/\/www.w3.org\/1999\/xlink\" viewbox=\"0 0 48 48\" width=\"96px\" height=\"96px\"><defs><lineargradient id=\"bhH2qXeOroqAbt1CkEADRa\" x1=\"44.261\" x2=\"40.411\" y1=\"14.373\" y2=\"10.523\" data-name=\"&#x411;&#x435;&#x437;&#x44B;&#x43C;&#x44F;&#x43D;&#x43D;&#x44B;&#x439; &#x433;&#x440;&#x430;&#x434;&#x438;&#x435;&#x43D;&#x442; 56\" gradientunits=\"userSpaceOnUse\"><stop offset=\"0\" stop-color=\"#9332bf\"><\/stop><stop offset=\".789\" stop-color=\"#912fbd\"><\/stop><stop offset=\"1\" stop-color=\"#832faa\"><\/stop><\/lineargradient><lineargradient id=\"bhH2qXeOroqAbt1CkEADRc\" x1=\"14.321\" x2=\"10.54\" y1=\"44.209\" y2=\"40.428\" xlink:href=\"#bhH2qXeOroqAbt1CkEADRa\"><\/lineargradient><lineargradient id=\"bhH2qXeOroqAbt1CkEADRd\" x1=\"33.841\" x2=\"37.43\" y1=\"44.043\" y2=\"40.454\" xlink:href=\"#bhH2qXeOroqAbt1CkEADRa\"><\/lineargradient><lineargradient id=\"bhH2qXeOroqAbt1CkEADRe\" x1=\"4.378\" x2=\"7.535\" y1=\"13.732\" y2=\"10.576\" xlink:href=\"#bhH2qXeOroqAbt1CkEADRa\"><\/lineargradient><lineargradient id=\"bhH2qXeOroqAbt1CkEADRb\" x1=\"9.149\" x2=\"19.869\" y1=\"529.392\" y2=\"603.09\" data-name=\"&#x411;&#x435;&#x437;&#x44B;&#x43C;&#x44F;&#x43D;&#x43D;&#x44B;&#x439; &#x433;&#x440;&#x430;&#x434;&#x438;&#x435;&#x43D;&#x442; 72\" gradienttransform=\"matrix(1 0 0 -1 0 572)\" gradientunits=\"userSpaceOnUse\"><stop offset=\"0\" stop-color=\"#ac4ad5\"><\/stop><stop offset=\"1\" stop-color=\"#ae4cd5\"><\/stop><\/lineargradient><lineargradient id=\"bhH2qXeOroqAbt1CkEADRf\" x1=\"8.077\" x2=\"20.331\" y1=\"503.611\" y2=\"587.85\" xlink:href=\"#bhH2qXeOroqAbt1CkEADRb\"><\/lineargradient><lineargradient id=\"bhH2qXeOroqAbt1CkEADRg\" x1=\"29.594\" x2=\"41.854\" y1=\"524.743\" y2=\"609.03\" xlink:href=\"#bhH2qXeOroqAbt1CkEADRb\"><\/lineargradient><lineargradient id=\"bhH2qXeOroqAbt1CkEADRh\" x1=\"30.592\" x2=\"40.587\" y1=\"509.879\" y2=\"578.584\" xlink:href=\"#bhH2qXeOroqAbt1CkEADRb\"><\/lineargradient><\/defs><path fill=\"url(#bhH2qXeOroqAbt1CkEADRa)\" d=\"M42,7.51443l-4.59792,4.59792,3.68326,3.68326A.53577.53577,0,0,0,42,15.41754Z\"><\/path><path fill=\"url(#bhH2qXeOroqAbt1CkEADRc)\" d=\"M7.51436,42l4.59772-4.59771,3.6831,3.68309A.53575.53575,0,0,1,15.41712,42Z\"><\/path><path fill=\"url(#bhH2qXeOroqAbt1CkEADRd)\" d=\"M40.48467,42l-4.60062-4.60063L32.19861,41.0848a.53609.53609,0,0,0,.3783.9152Z\"><\/path><path fill=\"url(#bhH2qXeOroqAbt1CkEADRe)\" d=\"M6,7.514l4.59662,4.59663L6.9144,15.79285A.53562.53562,0,0,1,6,15.41488Z\"><\/path><path fill=\"url(#bhH2qXeOroqAbt1CkEADRb)\" d=\"M20.67428,19.1667,19.1667,20.67964a1.06985,1.06985,0,0,1-1.51507.00107L6.31051,9.34066A1.10577,1.10577,0,0,1,6,8.58045V7.07072A1.07388,1.07388,0,0,1,7.07072,6h8.341a.53531.53531,0,0,1,.38546.91012L12.86335,9.8439l7.80986,7.80987A1.07015,1.07015,0,0,1,20.67428,19.1667Z\"><\/path><path fill=\"url(#bhH2qXeOroqAbt1CkEADRf)\" d=\"M20.68634,28.84088a1.072,1.072,0,0,1,0,1.51543L9.34145,41.68942A1.106,1.106,0,0,1,8.58106,42H7.071A1.07413,1.07413,0,0,1,6,40.929V32.58609a.53544.53544,0,0,1,.91033-.38555L9.84482,35.135l7.81065-7.81065a1.06978,1.06978,0,0,1,1.51436,0Z\"><\/path><path fill=\"url(#bhH2qXeOroqAbt1CkEADRg)\" d=\"M42,7.071V8.58117a1.106,1.106,0,0,1-.3106.76043L30.35473,20.68592a1.07113,1.07113,0,0,1-1.51551,0l-1.5155-1.5155a1.06983,1.06983,0,0,1,0-1.51443l7.811-7.811L32.2001,6.91037A.53546.53546,0,0,1,32.58567,6H40.929A1.07417,1.07417,0,0,1,42,7.071Z\"><\/path><path fill=\"url(#bhH2qXeOroqAbt1CkEADRh)\" d=\"M42,32.58012v8.34822A1.07481,1.07481,0,0,1,40.92834,42h-1.511a1.10671,1.10671,0,0,1-.76087-.31078L27.314,30.34679a1.0711,1.0711,0,0,1-.00107-1.51425l1.50889-1.51426a1.07079,1.07079,0,0,1,1.5164-.00107l7.81453,7.81453,2.93634-2.93634A.53523.53523,0,0,1,42,32.58012Z\"><\/path><\/svg>\t\t\t<\/span>\n\t\t\t\t\t\t\t\t\t<span class=\"elementor-button-text\">\uc804\uccb4 \ud654\uba74\uc73c\ub85c \uc5f4\uae30<\/span>\n\t\t\t\t\t<\/span>\n\t\t\t\t\t<\/a>\n\t\t\t\t\t\t\t\t<\/div>\n\t\t\t\t\t<\/div>\n\t\t<\/div>\n\t\t\t\t\t<\/div>\n\t\t<\/section>\n\t\t<div data-particle_enable=\"false\" data-particle-mobile-disabled=\"false\" class=\"elementor-element elementor-element-340bce98 e-con-full e-flex gs-locked-section-no e-con e-parent\" data-id=\"340bce98\" data-element_type=\"container\" data-e-type=\"container\">\n\t\t\t\t<div class=\"elementor-element elementor-element-75e85188 elementor-widget elementor-widget-shortcode\" data-id=\"75e85188\" data-element_type=\"widget\" data-e-type=\"widget\" data-widget_type=\"shortcode.default\">\n\t\t\t\t\t\t\t<div class=\"elementor-shortcode\">\t\t<div data-elementor-type=\"container\" data-elementor-id=\"12351\" class=\"elementor elementor-12351\" data-elementor-post-type=\"elementor_library\">\n\t\t\t\t<div data-particle_enable=\"false\" data-particle-mobile-disabled=\"false\" class=\"elementor-element elementor-element-675b242d e-flex e-con-boxed e-con e-parent\" data-id=\"675b242d\" data-element_type=\"container\" data-e-type=\"container\">\n\t\t\t\t\t<div class=\"e-con-inner\">\n\t\t<div data-particle_enable=\"false\" data-particle-mobile-disabled=\"false\" class=\"elementor-element elementor-element-7a045483 e-con-full e-flex gs-locked-section-no e-con e-child\" data-id=\"7a045483\" data-element_type=\"container\" data-e-type=\"container\" data-settings=\"{&quot;background_background&quot;:&quot;classic&quot;}\">\n\t\t<div data-particle_enable=\"false\" data-particle-mobile-disabled=\"false\" class=\"elementor-element elementor-element-11b4f591 e-con-full e-flex gs-locked-section-no e-con e-child\" data-id=\"11b4f591\" data-element_type=\"container\" data-e-type=\"container\">\n\t\t\t\t<div class=\"elementor-element elementor-element-6b1d6108 elementor-widget__width-initial elementor-widget elementor-widget-heading\" data-id=\"6b1d6108\" data-element_type=\"widget\" data-e-type=\"widget\" data-widget_type=\"heading.default\">\n\t\t\t\t\t<h2 class=\"elementor-heading-title elementor-size-default\">\uc2dc\uc791\ud558\uae30<\/h2>\t\t\t\t<\/div>\n\t\t\t\t<div class=\"elementor-element elementor-element-18218c6 elementor-widget__width-initial elementor-widget elementor-widget-text-editor\" data-id=\"18218c6\" data-element_type=\"widget\" data-e-type=\"widget\" data-widget_type=\"text-editor.default\">\n\t\t\t\t\t\t\t\t\t<p>\uc815\ubcf4\ub97c \ub0a8\uaca8 \uc8fc\uc2dc\uba74 \uc801\uc808\ud55c \ub2f4\ub2f9\uc790\ub97c \ubc30\uc815\ud558\uc5ec \uc9c0\uc6d0\ud574 \ub4dc\ub9ac\uaca0\uc2b5\ub2c8\ub2e4.<\/p>\t\t\t\t\t\t\t\t<\/div>\n\t\t\t\t<div class=\"elementor-element elementor-element-23fa69a4 elementor-widget elementor-widget-eael-creative-button\" data-id=\"23fa69a4\" data-element_type=\"widget\" data-e-type=\"widget\" data-widget_type=\"eael-creative-button.default\">\n\t\t\t\t\t        <div class=\"eael-creative-button-wrapper\">\n\n            <a class=\"eael-creative-button eael-creative-button--wayra eael-cb-icon-position-left\" href=\"https:\/\/gudjob.net\/ko\/contact-us\/\" data-text=\"Go!\">\n            \t    \n                <div class=\"creative-button-inner\">\n\n                                            <span class=\"eael-creative-button-icon-left\"><svg xmlns=\"http:\/\/www.w3.org\/2000\/svg\" viewbox=\"0 0 48 48\" width=\"48px\" height=\"48px\"><path fill=\"#35c1f1\" d=\"M41.621,5.058l-35.9,12.281c-0.747,0.255-0.967,1.205-0.409,1.763l23.585,23.585 c0.558,0.558,1.508,0.338,1.763-0.409l12.281-35.9C43.222,5.561,42.439,4.778,41.621,5.058z\"><\/path><path fill=\"#1b9de2\" d=\"M38,10L13,26.789V34c0,0.552,0.448,1,1,1h7.211L38,10z\"><\/path><\/svg><\/span>                    \n                    <span class=\"cretive-button-text\">\ubb38\uc758\ud558\uae30<\/span>\n\n                                    <\/div>\n\t                        <\/a>\n        <\/div>\n        \t\t\t\t<\/div>\n\t\t\t\t<\/div>\n\t\t<div data-particle_enable=\"false\" data-particle-mobile-disabled=\"false\" class=\"elementor-element elementor-element-786349c7 e-con-full e-flex gs-locked-section-no e-con e-child\" data-id=\"786349c7\" data-element_type=\"container\" data-e-type=\"container\">\n\t\t\t\t<div class=\"elementor-element elementor-element-692b0f4b elementor-widget elementor-widget-image\" data-id=\"692b0f4b\" data-element_type=\"widget\" data-e-type=\"widget\" data-widget_type=\"image.default\">\n\t\t\t\t\t\t\t\t\t\t\t\t\t\t\t<img fetchpriority=\"high\" decoding=\"async\" width=\"957\" height=\"1000\" src=\"https:\/\/gudjob.net\/wp-content\/uploads\/2024\/02\/gudjob-porfolio.png\" class=\"attachment-large size-large wp-image-11822\" alt=\"GUDJOB Agency\" srcset=\"https:\/\/gudjob.net\/wp-content\/uploads\/2024\/02\/gudjob-porfolio.png 957w, https:\/\/gudjob.net\/wp-content\/uploads\/2024\/02\/gudjob-porfolio-287x300.png 287w, https:\/\/gudjob.net\/wp-content\/uploads\/2024\/02\/gudjob-porfolio-768x803.png 768w, https:\/\/gudjob.net\/wp-content\/uploads\/2024\/02\/gudjob-porfolio-11x12.png 11w\" sizes=\"(max-width: 957px) 100vw, 957px\" title=\"|\">\t\t\t\t\t\t\t\t\t\t\t\t\t\t\t<\/div>\n\t\t\t\t<\/div>\n\t\t\t\t<\/div>\n\t\t\t\t\t<\/div>\n\t\t\t\t<\/div>\n\t\t\t\t<\/div>\n\t\t<\/div>\n\t\t\t\t\t\t<\/div>\n\t\t\t\t<\/div>\n\t\t\t\t<\/div>","protected":false},"excerpt":{"rendered":"<p>Xem c\u00e1c d\u1ef1 \u00e1n Xem to\u00e0n m\u00e0n h\u00ecnh<\/p>","protected":false},"author":1,"featured_media":2156,"parent":0,"menu_order":0,"comment_status":"closed","ping_status":"closed","template":"","meta":{"_acf_changed":false,"footnotes":""},"class_list":["post-5993","page","type-page","status-publish","has-post-thumbnail","hentry"],"acf":[],"_links":{"self":[{"href":"https:\/\/gudjob.net\/ko\/wp-json\/wp\/v2\/pages\/5993","targetHints":{"allow":["GET"]}}],"collection":[{"href":"https:\/\/gudjob.net\/ko\/wp-json\/wp\/v2\/pages"}],"about":[{"href":"https:\/\/gudjob.net\/ko\/wp-json\/wp\/v2\/types\/page"}],"author":[{"embeddable":true,"href":"https:\/\/gudjob.net\/ko\/wp-json\/wp\/v2\/users\/1"}],"replies":[{"embeddable":true,"href":"https:\/\/gudjob.net\/ko\/wp-json\/wp\/v2\/comments?post=5993"}],"version-history":[{"count":4,"href":"https:\/\/gudjob.net\/ko\/wp-json\/wp\/v2\/pages\/5993\/revisions"}],"predecessor-version":[{"id":14758,"href":"https:\/\/gudjob.net\/ko\/wp-json\/wp\/v2\/pages\/5993\/revisions\/14758"}],"wp:featuredmedia":[{"embeddable":true,"href":"https:\/\/gudjob.net\/ko\/wp-json\/wp\/v2\/media\/2156"}],"wp:attachment":[{"href":"https:\/\/gudjob.net\/ko\/wp-json\/wp\/v2\/media?parent=5993"}],"curies":[{"name":"wp","href":"https:\/\/api.w.org\/{rel}","templated":true}]}}