{"id":7735,"date":"2022-12-26T09:02:32","date_gmt":"2022-12-26T02:02:32","guid":{"rendered":"https:\/\/gudjob.net\/?page_id=7735"},"modified":"2023-02-06T08:54:45","modified_gmt":"2023-02-06T01:54:45","slug":"xac-thuc-ung-vien","status":"publish","type":"page","link":"https:\/\/gudjob.net\/cn\/xac-thuc-ung-vien\/","title":{"rendered":"X\u00e1c th\u1ef1c th\u00f4ng tin \u1ee9ng vi\u00ean"},"content":{"rendered":"<div data-elementor-type=\"wp-page\" data-elementor-id=\"7735\" class=\"elementor elementor-7735\" data-elementor-settings=\"{&quot;element_pack_global_tooltip_width&quot;:{&quot;unit&quot;:&quot;px&quot;,&quot;size&quot;:&quot;&quot;,&quot;sizes&quot;:[]},&quot;element_pack_global_tooltip_width_tablet&quot;:{&quot;unit&quot;:&quot;px&quot;,&quot;size&quot;:&quot;&quot;,&quot;sizes&quot;:[]},&quot;element_pack_global_tooltip_width_mobile&quot;:{&quot;unit&quot;:&quot;px&quot;,&quot;size&quot;:&quot;&quot;,&quot;sizes&quot;:[]},&quot;element_pack_global_tooltip_padding&quot;:{&quot;unit&quot;:&quot;px&quot;,&quot;top&quot;:&quot;&quot;,&quot;right&quot;:&quot;&quot;,&quot;bottom&quot;:&quot;&quot;,&quot;left&quot;:&quot;&quot;,&quot;isLinked&quot;:true},&quot;element_pack_global_tooltip_padding_tablet&quot;:{&quot;unit&quot;:&quot;px&quot;,&quot;top&quot;:&quot;&quot;,&quot;right&quot;:&quot;&quot;,&quot;bottom&quot;:&quot;&quot;,&quot;left&quot;:&quot;&quot;,&quot;isLinked&quot;:true},&quot;element_pack_global_tooltip_padding_mobile&quot;:{&quot;unit&quot;:&quot;px&quot;,&quot;top&quot;:&quot;&quot;,&quot;right&quot;:&quot;&quot;,&quot;bottom&quot;:&quot;&quot;,&quot;left&quot;:&quot;&quot;,&quot;isLinked&quot;:true},&quot;element_pack_global_tooltip_border_radius&quot;:{&quot;unit&quot;:&quot;px&quot;,&quot;top&quot;:&quot;&quot;,&quot;right&quot;:&quot;&quot;,&quot;bottom&quot;:&quot;&quot;,&quot;left&quot;:&quot;&quot;,&quot;isLinked&quot;:true},&quot;element_pack_global_tooltip_border_radius_tablet&quot;:{&quot;unit&quot;:&quot;px&quot;,&quot;top&quot;:&quot;&quot;,&quot;right&quot;:&quot;&quot;,&quot;bottom&quot;:&quot;&quot;,&quot;left&quot;:&quot;&quot;,&quot;isLinked&quot;:true},&quot;element_pack_global_tooltip_border_radius_mobile&quot;:{&quot;unit&quot;:&quot;px&quot;,&quot;top&quot;:&quot;&quot;,&quot;right&quot;:&quot;&quot;,&quot;bottom&quot;:&quot;&quot;,&quot;left&quot;:&quot;&quot;,&quot;isLinked&quot;:true}}\" data-elementor-post-type=\"page\">\n\t\t\t\t\t\t<section data-particle_enable=\"false\" data-particle-mobile-disabled=\"false\" class=\"elementor-section elementor-top-section elementor-element elementor-element-19c9979 elementor-section-content-middle elementor-section-boxed elementor-section-height-default elementor-section-height-default gs-locked-section-no\" data-id=\"19c9979\" data-element_type=\"section\" data-e-type=\"section\">\n\t\t\t\t\t\t<div class=\"elementor-container elementor-column-gap-wide\">\n\t\t\t\t\t<div class=\"elementor-column elementor-col-100 elementor-top-column elementor-element elementor-element-3b42517\" data-id=\"3b42517\" data-element_type=\"column\" data-e-type=\"column\">\n\t\t\t<div class=\"elementor-widget-wrap elementor-element-populated\">\n\t\t\t\t\t\t<div class=\"elementor-element elementor-element-292fe7a elementor-widget elementor-widget-heading\" data-id=\"292fe7a\" data-element_type=\"widget\" data-e-type=\"widget\" data-widget_type=\"heading.default\">\n\t\t\t\t\t<h1 class=\"elementor-heading-title elementor-size-default\">X\u00e1c th\u1ef1c th\u00f4ng tin \u1ee9ng vi\u00ean<\/h1>\t\t\t\t<\/div>\n\t\t\t\t<div class=\"elementor-element elementor-element-f1c560f elementor-widget elementor-widget-text-editor\" data-id=\"f1c560f\" data-element_type=\"widget\" data-e-type=\"widget\" data-widget_type=\"text-editor.default\">\n\t\t\t\t\t\t\t\t\t<p>N\u1ebfu b\u1ea1n l\u00e0 ph\u00f2ng HR c\u1ee7a c\u00f4ng ty \u0111ang c\u00f3 nhu c\u1ea7u x\u00e1c th\u1ef1c th\u00f4ng tin \u1ee9ng vi\u00ean t\u1eebng l\u00e0m vi\u1ec7c t\u1ea1i GUDJOB, h\u00e3y cung c\u1ea5p c\u00e1c th\u00f4ng tin theo m\u1eabu b\u00ean d\u01b0\u1edbi. Ch\u00fang t\u00f4i x\u00e2y d\u1ef1ng m\u1eabu li\u00ean h\u1ec7 ch\u00ednh th\u1ee9c n\u00e0y nh\u1eb1m t\u1ea1o \u0111i\u1ec1u ki\u1ec7n gi\u00fap c\u00e1c b\u1ea1n d\u1ec5 d\u00e0ng x\u00e1c th\u1ef1c c\u00e1c th\u00f4ng tin c\u1ee7a \u1ee9ng vi\u00ean &amp; nh\u1eadn \u0111\u01b0\u1ee3c nh\u1eefng \u0111\u00e1nh gi\u00e1 chu\u1ea9n x\u00e1c h\u01a1n.<\/p>\t\t\t\t\t\t\t\t<\/div>\n\t\t\t\t\t<\/div>\n\t\t<\/div>\n\t\t\t\t\t<\/div>\n\t\t<\/section>\n\t\t\t\t<section data-particle_enable=\"false\" data-particle-mobile-disabled=\"false\" class=\"elementor-section elementor-top-section elementor-element elementor-element-c428665 elementor-reverse-mobile elementor-section-boxed elementor-section-height-default elementor-section-height-default gs-locked-section-no\" data-id=\"c428665\" data-element_type=\"section\" data-e-type=\"section\">\n\t\t\t\t\t\t<div class=\"elementor-container elementor-column-gap-wide\">\n\t\t\t\t\t<div class=\"elementor-column elementor-col-100 elementor-top-column elementor-element elementor-element-f357bbd\" data-id=\"f357bbd\" data-element_type=\"column\" data-e-type=\"column\">\n\t\t\t<div class=\"elementor-widget-wrap elementor-element-populated\">\n\t\t\t\t\t\t<div class=\"elementor-element elementor-element-cabef64 elementor-widget elementor-widget-html\" data-id=\"cabef64\" data-element_type=\"widget\" data-e-type=\"widget\" data-no-translation=\"\" data-widget_type=\"html.default\">\n\t\t\t\t\t<style>.elementor-element-cabef64{display:none !important}<\/style>\t\t\t\t<\/div>\n\t\t\t\t<div class=\"elementor-element elementor-element-c96115c elementor-widget elementor-widget-html\" data-id=\"c96115c\" data-element_type=\"widget\" data-e-type=\"widget\" data-no-translation=\"\" data-widget_type=\"html.default\">\n\t\t\t\t\t<style>.elementor-element-c96115c{display:none !important}<\/style>\t\t\t\t<\/div>\n\t\t\t\t\t<\/div>\n\t\t<\/div>\n\t\t\t\t\t<\/div>\n\t\t<\/section>\n\t\t\t\t<\/div>","protected":false},"excerpt":{"rendered":"<p>N\u1ebfu b\u1ea1n l\u00e0 ph\u00f2ng HR c\u1ee7a c\u00f4ng ty \u0111ang c\u00f3 nhu c\u1ea7u x\u00e1c th\u1ef1c th\u00f4ng tin \u1ee9ng vi\u00ean t\u1eebng l\u00e0m vi\u1ec7c t\u1ea1i GUDJOB,&#8230;<\/p>","protected":false},"author":1,"featured_media":6864,"parent":0,"menu_order":0,"comment_status":"closed","ping_status":"closed","template":"","meta":{"_acf_changed":false,"footnotes":""},"class_list":["post-7735","page","type-page","status-publish","has-post-thumbnail","hentry"],"acf":[],"_links":{"self":[{"href":"https:\/\/gudjob.net\/cn\/wp-json\/wp\/v2\/pages\/7735","targetHints":{"allow":["GET"]}}],"collection":[{"href":"https:\/\/gudjob.net\/cn\/wp-json\/wp\/v2\/pages"}],"about":[{"href":"https:\/\/gudjob.net\/cn\/wp-json\/wp\/v2\/types\/page"}],"author":[{"embeddable":true,"href":"https:\/\/gudjob.net\/cn\/wp-json\/wp\/v2\/users\/1"}],"replies":[{"embeddable":true,"href":"https:\/\/gudjob.net\/cn\/wp-json\/wp\/v2\/comments?post=7735"}],"version-history":[{"count":0,"href":"https:\/\/gudjob.net\/cn\/wp-json\/wp\/v2\/pages\/7735\/revisions"}],"wp:featuredmedia":[{"embeddable":true,"href":"https:\/\/gudjob.net\/cn\/wp-json\/wp\/v2\/media\/6864"}],"wp:attachment":[{"href":"https:\/\/gudjob.net\/cn\/wp-json\/wp\/v2\/media?parent=7735"}],"curies":[{"name":"wp","href":"https:\/\/api.w.org\/{rel}","templated":true}]}}