{"id":6570,"date":"2022-12-13T10:24:02","date_gmt":"2022-12-13T03:24:02","guid":{"rendered":"https:\/\/staging.gudjob.net\/?page_id=6570"},"modified":"2025-10-01T09:12:36","modified_gmt":"2025-10-01T02:12:36","slug":"jobs","status":"publish","type":"page","link":"https:\/\/gudjob.net\/cn\/jobs\/","title":{"rendered":"\u804c\u4f4d"},"content":{"rendered":"<div data-elementor-type=\"wp-page\" data-elementor-id=\"6570\" class=\"elementor elementor-6570\" data-elementor-settings=\"{&quot;element_pack_global_tooltip_width&quot;:{&quot;unit&quot;:&quot;px&quot;,&quot;size&quot;:&quot;&quot;,&quot;sizes&quot;:[]},&quot;element_pack_global_tooltip_width_tablet&quot;:{&quot;unit&quot;:&quot;px&quot;,&quot;size&quot;:&quot;&quot;,&quot;sizes&quot;:[]},&quot;element_pack_global_tooltip_width_mobile&quot;:{&quot;unit&quot;:&quot;px&quot;,&quot;size&quot;:&quot;&quot;,&quot;sizes&quot;:[]},&quot;element_pack_global_tooltip_padding&quot;:{&quot;unit&quot;:&quot;px&quot;,&quot;top&quot;:&quot;&quot;,&quot;right&quot;:&quot;&quot;,&quot;bottom&quot;:&quot;&quot;,&quot;left&quot;:&quot;&quot;,&quot;isLinked&quot;:true},&quot;element_pack_global_tooltip_padding_tablet&quot;:{&quot;unit&quot;:&quot;px&quot;,&quot;top&quot;:&quot;&quot;,&quot;right&quot;:&quot;&quot;,&quot;bottom&quot;:&quot;&quot;,&quot;left&quot;:&quot;&quot;,&quot;isLinked&quot;:true},&quot;element_pack_global_tooltip_padding_mobile&quot;:{&quot;unit&quot;:&quot;px&quot;,&quot;top&quot;:&quot;&quot;,&quot;right&quot;:&quot;&quot;,&quot;bottom&quot;:&quot;&quot;,&quot;left&quot;:&quot;&quot;,&quot;isLinked&quot;:true},&quot;element_pack_global_tooltip_border_radius&quot;:{&quot;unit&quot;:&quot;px&quot;,&quot;top&quot;:&quot;&quot;,&quot;right&quot;:&quot;&quot;,&quot;bottom&quot;:&quot;&quot;,&quot;left&quot;:&quot;&quot;,&quot;isLinked&quot;:true},&quot;element_pack_global_tooltip_border_radius_tablet&quot;:{&quot;unit&quot;:&quot;px&quot;,&quot;top&quot;:&quot;&quot;,&quot;right&quot;:&quot;&quot;,&quot;bottom&quot;:&quot;&quot;,&quot;left&quot;:&quot;&quot;,&quot;isLinked&quot;:true},&quot;element_pack_global_tooltip_border_radius_mobile&quot;:{&quot;unit&quot;:&quot;px&quot;,&quot;top&quot;:&quot;&quot;,&quot;right&quot;:&quot;&quot;,&quot;bottom&quot;:&quot;&quot;,&quot;left&quot;:&quot;&quot;,&quot;isLinked&quot;:true}}\" data-elementor-post-type=\"page\">\n\t\t\t\t<div data-particle_enable=\"false\" data-particle-mobile-disabled=\"false\" class=\"elementor-element elementor-element-d55a025 e-flex e-con-boxed gs-locked-section-no e-con e-parent\" data-id=\"d55a025\" data-element_type=\"container\" data-e-type=\"container\">\n\t\t\t\t\t<div class=\"e-con-inner\">\n\t\t<div data-particle_enable=\"false\" data-particle-mobile-disabled=\"false\" class=\"elementor-element elementor-element-a02b656 e-con-full e-flex gs-locked-section-no e-con e-child\" data-id=\"a02b656\" data-element_type=\"container\" data-e-type=\"container\">\n\t\t\t\t<div class=\"elementor-element elementor-element-c880497 elementor-widget elementor-widget-heading\" data-id=\"c880497\" data-element_type=\"widget\" data-e-type=\"widget\" data-widget_type=\"heading.default\">\n\t\t\t\t\t<h1 class=\"elementor-heading-title elementor-size-default\">\u804c\u4f4d<\/h1>\t\t\t\t<\/div>\n\t\t\t\t<div class=\"elementor-element elementor-element-77eb9e3 elementor-widget__width-initial elementor-widget elementor-widget-text-editor\" data-id=\"77eb9e3\" data-element_type=\"widget\" data-e-type=\"widget\" data-widget_type=\"text-editor.default\">\n\t\t\t\t\t\t\t\t\t<p>\u6709\u5173\u73b0\u6709\u804c\u4f4d\u7684\u4fe1\u606f\u5c06\u5728\u4e0b\u65b9\u66f4\u65b0\u3002\u6709\u5173\u62db\u8058\u7684\u5176\u4ed6\u95ee\u9898\uff0c\u8bf7\u901a\u8fc7\u7535\u5b50\u90ae\u4ef6\u4e0e\u6211\u4eec\u8054\u7cfb\uff1a careers@gudjob.net<\/p>\t\t\t\t\t\t\t\t<\/div>\n\t\t\t\t<\/div>\n\t\t\t\t\t<\/div>\n\t\t\t\t<\/div>\n\t\t<div data-particle_enable=\"false\" data-particle-mobile-disabled=\"false\" class=\"elementor-element elementor-element-24f30e7 e-flex e-con-boxed gs-locked-section-no e-con e-parent\" data-id=\"24f30e7\" data-element_type=\"container\" data-e-type=\"container\">\n\t\t\t\t\t<div class=\"e-con-inner\">\n\t\t<div data-particle_enable=\"false\" data-particle-mobile-disabled=\"false\" class=\"elementor-element elementor-element-128defa e-con-full e-flex gs-locked-section-no e-con e-child\" data-id=\"128defa\" data-element_type=\"container\" data-e-type=\"container\" data-settings=\"{&quot;background_background&quot;:&quot;classic&quot;}\">\n\t\t\t\t<div class=\"elementor-element elementor-element-74143a8 elementor-grid-eael-col-4 elementor-grid-tablet-eael-col-2 elementor-grid-mobile-eael-col-1 elementor-widget elementor-widget-eael-post-grid\" data-id=\"74143a8\" data-element_type=\"widget\" data-e-type=\"widget\" data-settings=\"{&quot;eael_post_grid_columns&quot;:&quot;eael-col-4&quot;,&quot;eael_post_grid_columns_tablet&quot;:&quot;eael-col-2&quot;,&quot;eael_post_grid_columns_mobile&quot;:&quot;eael-col-1&quot;}\" data-widget_type=\"eael-post-grid.default\">\n\t\t\t\t\t<div id=\"eael-post-grid-74143a8\" class=\"eael-post-grid-container\">\n            <div class=\"eael-post-grid eael-post-appender eael-post-appender-74143a8 eael-post-grid-style-one\" data-layout-mode=\"grid\"><article class=\"eael-grid-post  eael-post-grid-column eael-pg-post-13430\" data-id=\"13430\">\n        <div class=\"eael-grid-post-holder\">\n            <div class=\"eael-grid-post-holder-inner\"><div class=\"eael-entry-media\"><div class=\"eael-entry-overlay none\"><i class=\"fas fa-long-arrow-alt-right\" aria-hidden=\"true\"><\/i><a href=\"https:\/\/gudjob.net\/cn\/jobs\/planner\/\"><\/a><\/div><div class=\"eael-entry-thumbnail\">\n                <img fetchpriority=\"high\" decoding=\"async\" width=\"1024\" height=\"1024\" src=\"https:\/\/gudjob.net\/wp-content\/uploads\/2024\/11\/Planner-1024x1024.jpg\" class=\"attachment-large size-large wp-image-13466\" alt=\"|\" title=\"|\" srcset=\"https:\/\/gudjob.net\/wp-content\/uploads\/2024\/11\/Planner-1024x1024.jpg 1024w, https:\/\/gudjob.net\/wp-content\/uploads\/2024\/11\/Planner-300x300.jpg 300w, https:\/\/gudjob.net\/wp-content\/uploads\/2024\/11\/Planner-150x150.jpg 150w, https:\/\/gudjob.net\/wp-content\/uploads\/2024\/11\/Planner-768x768.jpg 768w, https:\/\/gudjob.net\/wp-content\/uploads\/2024\/11\/Planner-12x12.jpg 12w, https:\/\/gudjob.net\/wp-content\/uploads\/2024\/11\/Planner-500x500.jpg 500w, https:\/\/gudjob.net\/wp-content\/uploads\/2024\/11\/Planner-1000x1000.jpg 1000w, https:\/\/gudjob.net\/wp-content\/uploads\/2024\/11\/Planner.jpg 1120w\" sizes=\"(max-width: 1024px) 100vw, 1024px\" \/>\n            <\/div>\n        <\/div><div class=\"eael-entry-wrapper\"><header class=\"eael-entry-header\"><h2 class=\"eael-entry-title\"><a class=\"eael-grid-post-link\" href=\"https:\/\/gudjob.net\/cn\/jobs\/planner\/\" title=\"Planner\">Planner<\/a><\/h2><\/header><div class=\"eael-entry-content\">\n                        <div class=\"eael-grid-post-excerpt\"><a href=\"https:\/\/gudjob.net\/cn\/jobs\/planner\/\" class=\"eael-post-elements-readmore-btn\">\u7533\u8bf7<\/a><\/div>\n                    <\/div><\/div><\/div>\n        <\/div>\n    <\/article><article class=\"eael-grid-post  eael-post-grid-column eael-pg-post-8367\" data-id=\"8367\">\n        <div class=\"eael-grid-post-holder\">\n            <div class=\"eael-grid-post-holder-inner\"><div class=\"eael-entry-media\"><div class=\"eael-entry-overlay none\"><i class=\"fas fa-long-arrow-alt-right\" aria-hidden=\"true\"><\/i><a href=\"https:\/\/gudjob.net\/cn\/jobs\/content-creator\/\"><\/a><\/div><div class=\"eael-entry-thumbnail\">\n                <img decoding=\"async\" width=\"1024\" height=\"1024\" src=\"https:\/\/gudjob.net\/wp-content\/uploads\/2023\/02\/GUDJOB-Remote-Content-Writer.png\" class=\"attachment-large size-large wp-image-8704\" alt=\"|\" title=\"|\" srcset=\"https:\/\/gudjob.net\/wp-content\/uploads\/2023\/02\/GUDJOB-Remote-Content-Writer-300x300.png 300w, https:\/\/gudjob.net\/wp-content\/uploads\/2023\/02\/GUDJOB-Remote-Content-Writer-150x150.png 150w, https:\/\/gudjob.net\/wp-content\/uploads\/2023\/02\/GUDJOB-Remote-Content-Writer-768x768.png 768w, https:\/\/gudjob.net\/wp-content\/uploads\/2023\/02\/GUDJOB-Remote-Content-Writer-12x12.png 12w, https:\/\/gudjob.net\/wp-content\/uploads\/2023\/02\/GUDJOB-Remote-Content-Writer-500x500.png 500w, https:\/\/gudjob.net\/wp-content\/uploads\/2023\/02\/GUDJOB-Remote-Content-Writer-1000x1000.png 1000w, https:\/\/gudjob.net\/wp-content\/uploads\/2023\/02\/GUDJOB-Remote-Content-Writer.png 1024w\" sizes=\"(max-width: 1024px) 100vw, 1024px\" \/>\n            <\/div>\n        <\/div><div class=\"eael-entry-wrapper\"><header class=\"eael-entry-header\"><h2 class=\"eael-entry-title\"><a class=\"eael-grid-post-link\" href=\"https:\/\/gudjob.net\/cn\/jobs\/content-creator\/\" title=\"Content Creator\">Content Creator<\/a><\/h2><\/header><div class=\"eael-entry-content\">\n                        <div class=\"eael-grid-post-excerpt\"><a href=\"https:\/\/gudjob.net\/cn\/jobs\/content-creator\/\" class=\"eael-post-elements-readmore-btn\">\u7533\u8bf7<\/a><\/div>\n                    <\/div><\/div><\/div>\n        <\/div>\n    <\/article><article class=\"eael-grid-post  eael-post-grid-column eael-pg-post-7931\" data-id=\"7931\">\n        <div class=\"eael-grid-post-holder\">\n            <div class=\"eael-grid-post-holder-inner\"><div class=\"eael-entry-media\"><div class=\"eael-entry-overlay none\"><i class=\"fas fa-long-arrow-alt-right\" aria-hidden=\"true\"><\/i><a href=\"https:\/\/gudjob.net\/cn\/jobs\/graphic-designer\/\"><\/a><\/div><div class=\"eael-entry-thumbnail\">\n                <img decoding=\"async\" width=\"1024\" height=\"1024\" src=\"https:\/\/gudjob.net\/wp-content\/uploads\/2023\/01\/GUDJOB-Remote-Desiger.png\" class=\"attachment-large size-large wp-image-8706\" alt=\"|\" title=\"|\" srcset=\"https:\/\/gudjob.net\/wp-content\/uploads\/2023\/01\/GUDJOB-Remote-Desiger.png 1024w, https:\/\/gudjob.net\/wp-content\/uploads\/2023\/01\/GUDJOB-Remote-Desiger-300x300.png 300w, https:\/\/gudjob.net\/wp-content\/uploads\/2023\/01\/GUDJOB-Remote-Desiger-150x150.png 150w, https:\/\/gudjob.net\/wp-content\/uploads\/2023\/01\/GUDJOB-Remote-Desiger-768x768.png 768w, https:\/\/gudjob.net\/wp-content\/uploads\/2023\/01\/GUDJOB-Remote-Desiger-12x12.png 12w, https:\/\/gudjob.net\/wp-content\/uploads\/2023\/01\/GUDJOB-Remote-Desiger-500x500.png 500w, https:\/\/gudjob.net\/wp-content\/uploads\/2023\/01\/GUDJOB-Remote-Desiger-1000x1000.png 1000w\" sizes=\"(max-width: 1024px) 100vw, 1024px\" \/>\n            <\/div>\n        <\/div><div class=\"eael-entry-wrapper\"><header class=\"eael-entry-header\"><h2 class=\"eael-entry-title\"><a class=\"eael-grid-post-link\" href=\"https:\/\/gudjob.net\/cn\/jobs\/graphic-designer\/\" title=\"Graphic Designer\">Graphic Designer<\/a><\/h2><\/header><div class=\"eael-entry-content\">\n                        <div class=\"eael-grid-post-excerpt\"><a href=\"https:\/\/gudjob.net\/cn\/jobs\/graphic-designer\/\" class=\"eael-post-elements-readmore-btn\">\u7533\u8bf7<\/a><\/div>\n                    <\/div><\/div><\/div>\n        <\/div>\n    <\/article><\/div>\n            <div class=\"clearfix\"><\/div>\n        <\/div>\t\t\t\t<\/div>\n\t\t\t\t<\/div>\n\t\t\t\t\t<\/div>\n\t\t\t\t<\/div>\n\t\t\t\t<\/div>","protected":false},"excerpt":{"rendered":"<p>Th\u00f4ng tin v\u1ec1 c\u00e1c v\u1ecb tr\u00ed tuy\u1ec3n d\u1ee5ng s\u1ebd \u0111\u01b0\u1ee3c c\u1eadp nh\u1eadt b\u00ean d\u01b0\u1edbi.\u00a0 C\u00e1c v\u1ea5n \u0111\u1ec1 kh\u00e1c li\u00ean quan \u0111\u1ebfn tuy\u1ec3n d\u1ee5ng&#8230;<\/p>","protected":false},"author":1,"featured_media":2156,"parent":0,"menu_order":0,"comment_status":"closed","ping_status":"closed","template":"","meta":{"_acf_changed":false,"footnotes":""},"class_list":["post-6570","page","type-page","status-publish","has-post-thumbnail","hentry"],"acf":[],"_links":{"self":[{"href":"https:\/\/gudjob.net\/cn\/wp-json\/wp\/v2\/pages\/6570","targetHints":{"allow":["GET"]}}],"collection":[{"href":"https:\/\/gudjob.net\/cn\/wp-json\/wp\/v2\/pages"}],"about":[{"href":"https:\/\/gudjob.net\/cn\/wp-json\/wp\/v2\/types\/page"}],"author":[{"embeddable":true,"href":"https:\/\/gudjob.net\/cn\/wp-json\/wp\/v2\/users\/1"}],"replies":[{"embeddable":true,"href":"https:\/\/gudjob.net\/cn\/wp-json\/wp\/v2\/comments?post=6570"}],"version-history":[{"count":2,"href":"https:\/\/gudjob.net\/cn\/wp-json\/wp\/v2\/pages\/6570\/revisions"}],"predecessor-version":[{"id":14755,"href":"https:\/\/gudjob.net\/cn\/wp-json\/wp\/v2\/pages\/6570\/revisions\/14755"}],"wp:featuredmedia":[{"embeddable":true,"href":"https:\/\/gudjob.net\/cn\/wp-json\/wp\/v2\/media\/2156"}],"wp:attachment":[{"href":"https:\/\/gudjob.net\/cn\/wp-json\/wp\/v2\/media?parent=6570"}],"curies":[{"name":"wp","href":"https:\/\/api.w.org\/{rel}","templated":true}]}}